{"id":2395,"date":"2024-11-28T19:29:00","date_gmt":"2024-11-28T18:29:00","guid":{"rendered":"https:\/\/futureshapingfz.com\/?page_id=2395"},"modified":"2024-12-03T21:58:12","modified_gmt":"2024-12-03T20:58:12","slug":"kapcsolat","status":"publish","type":"page","link":"https:\/\/futureshapingfz.com\/sk\/kapcsolat\/","title":{"rendered":"Kontakt"},"content":{"rendered":"<div data-elementor-type=\"wp-page\" data-elementor-id=\"2395\" class=\"elementor elementor-2395\">\n\t\t\t\t\t\t<section class=\"elementor-section elementor-top-section elementor-element elementor-element-cf96a86 elementor-section-boxed elementor-section-height-default elementor-section-height-default\" data-id=\"cf96a86\" data-element_type=\"section\" data-settings=\"{&quot;background_background&quot;:&quot;video&quot;,&quot;background_video_link&quot;:&quot;https:\\\/\\\/futureshapingfz.com\\\/wp-content\\\/uploads\\\/2024\\\/11\\\/DUBAI K\\u00c9K.mp4&quot;,&quot;background_play_on_mobile&quot;:&quot;yes&quot;}\">\n\t\t\t\t\t\t\t\t<div class=\"elementor-background-video-container\">\n\t\t\t\t\t\t\t\t\t\t\t\t\t<video class=\"elementor-background-video-hosted\" autoplay muted playsinline loop><\/video>\n\t\t\t\t\t\t\t\t\t\t\t<\/div>\n\t\t\t\t\t\t\t\t<div class=\"elementor-container elementor-column-gap-default\">\n\t\t\t\t\t<div class=\"elementor-column elementor-col-100 elementor-top-column elementor-element elementor-element-542d9bd\" data-id=\"542d9bd\" data-element_type=\"column\">\n\t\t\t<div class=\"elementor-widget-wrap elementor-element-populated\">\n\t\t\t\t\t\t<div class=\"elementor-element elementor-element-f2ff54d elementor-widget-mobile__width-initial elementor-absolute elementor-widget elementor-widget-heading\" data-id=\"f2ff54d\" data-element_type=\"widget\" data-settings=\"{&quot;_position&quot;:&quot;absolute&quot;}\" data-widget_type=\"heading.default\">\n\t\t\t\t<div class=\"elementor-widget-container\">\n\t\t\t\t\t<h2 class=\"elementor-heading-title elementor-size-default\">Kontakt na n\u00e1s\n<\/h2>\t\t\t\t<\/div>\n\t\t\t\t<\/div>\n\t\t\t\t\t<\/div>\n\t\t<\/div>\n\t\t\t\t\t<\/div>\n\t\t<\/section>\n\t\t\t\t<section class=\"elementor-section elementor-top-section elementor-element elementor-element-b9ccc1f elementor-section-content-middle elementor-section-boxed elementor-section-height-default elementor-section-height-default\" data-id=\"b9ccc1f\" data-element_type=\"section\" data-settings=\"{&quot;background_background&quot;:&quot;classic&quot;}\">\n\t\t\t\t\t\t<div class=\"elementor-container elementor-column-gap-default\">\n\t\t\t\t\t<div class=\"elementor-column elementor-col-50 elementor-top-column elementor-element elementor-element-1ded6e2\" data-id=\"1ded6e2\" data-element_type=\"column\" data-settings=\"{&quot;background_background&quot;:&quot;classic&quot;}\">\n\t\t\t<div class=\"elementor-widget-wrap elementor-element-populated\">\n\t\t\t\t\t\t<div class=\"elementor-element elementor-element-65e52dd elementor-widget elementor-widget-html\" data-id=\"65e52dd\" data-element_type=\"widget\" data-widget_type=\"html.default\">\n\t\t\t\t<div class=\"elementor-widget-container\">\n\t\t\t\t\t<iframe src=\"https:\/\/www.google.com\/maps\/embed?pb=!1m14!1m8!1m3!1d57473.297787114905!2d55.968303!3d25.800898!3m2!1i1024!2i768!4f13.1!3m3!1m2!1s0x3ef67131f14a49b1%3A0xd3b5ffc06b24ab09!2sRas%20Al%20Khaimah%20Economic%20Zone%20-%20RAKEZ!5e0!3m2!1shu!2sus!4v1732819395690!5m2!1shu!2sus\" width=\"800\" height=\"800\" style=\"border:0;\" allowfullscreen=\"\" loading=\"lazy\" referrerpolicy=\"no-referrer-when-downgrade\"><\/iframe>\t\t\t\t<\/div>\n\t\t\t\t<\/div>\n\t\t\t\t\t<\/div>\n\t\t<\/div>\n\t\t\t\t<div class=\"elementor-column elementor-col-50 elementor-top-column elementor-element elementor-element-be2ae70\" data-id=\"be2ae70\" data-element_type=\"column\" data-settings=\"{&quot;background_background&quot;:&quot;classic&quot;}\">\n\t\t\t<div class=\"elementor-widget-wrap elementor-element-populated\">\n\t\t\t\t\t\t<div class=\"elementor-element elementor-element-a1933bd elementor-widget elementor-widget-heading\" data-id=\"a1933bd\" data-element_type=\"widget\" data-widget_type=\"heading.default\">\n\t\t\t\t<div class=\"elementor-widget-container\">\n\t\t\t\t\t<h2 class=\"elementor-heading-title elementor-size-default\">Kontakt na n\u00e1s<\/h2>\t\t\t\t<\/div>\n\t\t\t\t<\/div>\n\t\t\t\t<div class=\"elementor-element elementor-element-3ff407e elementor-widget elementor-widget-text-editor\" data-id=\"3ff407e\" data-element_type=\"widget\" data-widget_type=\"text-editor.default\">\n\t\t\t\t<div class=\"elementor-widget-container\">\n\t\t\t\t\t\t\t\t\t<p>Ak m\u00e1te ak\u00e9ko\u013evek ot\u00e1zky,<\/p><p>kontaktujte n\u00e1s tu!<\/p>\t\t\t\t\t\t\t\t<\/div>\n\t\t\t\t<\/div>\n\t\t\t\t<div class=\"elementor-element elementor-element-364790e elementor-widget elementor-widget-shortcode\" data-id=\"364790e\" data-element_type=\"widget\" data-widget_type=\"shortcode.default\">\n\t\t\t\t<div class=\"elementor-widget-container\">\n\t\t\t\t\t\t\t<div class=\"elementor-shortcode\">\n<div class=\"wpcf7 no-js\" id=\"wpcf7-f8-o1\" lang=\"en-US\" dir=\"ltr\" data-wpcf7-id=\"8\">\n<div class=\"screen-reader-response\"><p role=\"status\" aria-live=\"polite\" aria-atomic=\"true\"><\/p> <ul><\/ul><\/div>\n<form action=\"\/sk\/wp-json\/wp\/v2\/pages\/2395#wpcf7-f8-o1\" method=\"post\" class=\"wpcf7-form init\" aria-label=\"Contact form\" novalidate=\"novalidate\" data-status=\"init\" data-trp-original-action=\"\/sk\/wp-json\/wp\/v2\/pages\/2395#wpcf7-f8-o1\">\n<div style=\"display: none;\">\n<input type=\"hidden\" name=\"_wpcf7\" value=\"8\" \/>\n<input type=\"hidden\" name=\"_wpcf7_version\" value=\"6.0.6\" \/>\n<input type=\"hidden\" name=\"_wpcf7_locale\" value=\"en_US\" \/>\n<input type=\"hidden\" name=\"_wpcf7_unit_tag\" value=\"wpcf7-f8-o1\" \/>\n<input type=\"hidden\" name=\"_wpcf7_container_post\" value=\"0\" \/>\n<input type=\"hidden\" name=\"_wpcf7_posted_data_hash\" value=\"\" \/>\n<\/div>\n<style>\n  .pxl--item {\n    margin-bottom: 15px; \/* H\u00e9zag az elemek k\u00f6z\u00f6tt *\/\n  }\n  .pxl--item input,\n  .pxl--item textarea {\n    background-color: white; \/* Feh\u00e9r beviteli mez\u0151k *\/\n    width: 100%; \/* Kit\u00f6ltik a sz\u00fcl\u0151 sz\u00e9less\u00e9g\u00e9t *\/\n    padding: 10px; \/* Bels\u0151 marg\u00f3 *\/\n    border: 1px solid #ccc; \/* Szeg\u00e9ly *\/\n    border-radius: 4px; \/* Lekerek\u00edtett sarkok *\/\n    font-size: 16px; \/* Nagyobb bet\u0171m\u00e9ret *\/\n  }\n  .pxl--item button {\n    background-color: white; \/* Feh\u00e9r gomb *\/\n    color: black; \/* Fekete sz\u00f6veg *\/\n    border: 1px solid #ccc; \/* Szeg\u00e9ly *\/\n    border-radius: 4px; \/* Lekerek\u00edtett sarkok *\/\n    padding: 10px 20px; \/* Bels\u0151 marg\u00f3 a gombn\u00e1l *\/\n    font-size: 16px; \/* Bet\u0171m\u00e9ret *\/\n    cursor: pointer; \/* Mutat\u00f3v\u00e1lt\u00e1s a gomb felett *\/\n  }\n  .pxl--item button:hover {\n    background-color: #f0f0f0; \/* Halv\u00e1nyabb sz\u00fcrke gomb hover \u00e1llapotban *\/\n  }\n  .consent-container {\n    display: flex; \/* Egym\u00e1s melletti elrendez\u00e9s *\/\n    align-items: center; \/* F\u00fcgg\u0151leges igaz\u00edt\u00e1s k\u00f6z\u00e9pre *\/\n    gap: 10px; \/* H\u00e9zag a jel\u00f6l\u0151n\u00e9gyzet \u00e9s a sz\u00f6veg k\u00f6z\u00f6tt *\/\n  }\n  .consent-container label {\n    margin: 0; \/* Alap\u00e9rtelmezett marg\u00f3 elt\u00e1vol\u00edt\u00e1sa *\/\n    color: white; \/* Feh\u00e9r sz\u00f6veg sz\u00edn *\/\n  }\n<\/style>\n\n<div class=\"pxl--item\">\n  <span class=\"wpcf7-form-control-wrap\" data-name=\"your-name\"><input size=\"40\" maxlength=\"400\" class=\"wpcf7-form-control wpcf7-text wpcf7-validates-as-required\" aria-required=\"true\" aria-invalid=\"false\" placeholder=\"Meno\" value=\"\" type=\"text\" name=\"your-name\" \/><\/span>\n<\/div>\n<div class=\"pxl--item\">\n  <span class=\"wpcf7-form-control-wrap\" data-name=\"your-email\"><input size=\"40\" maxlength=\"400\" class=\"wpcf7-form-control wpcf7-email wpcf7-validates-as-required wpcf7-text wpcf7-validates-as-email\" aria-required=\"true\" aria-invalid=\"false\" placeholder=\"E-mail\" value=\"\" type=\"email\" name=\"your-email\" \/><\/span>\n<\/div>\n<div class=\"pxl--item\">\n  <span class=\"wpcf7-form-control-wrap\" data-name=\"your-phone\"><input size=\"40\" maxlength=\"400\" class=\"wpcf7-form-control wpcf7-text wpcf7-validates-as-required\" aria-required=\"true\" aria-invalid=\"false\" placeholder=\"\u010c\u00edslo telef\u00f3nu\" value=\"\" type=\"text\" name=\"your-phone\" \/><\/span>\n<\/div>\n<div class=\"pxl--item\">\n  <span class=\"wpcf7-form-control-wrap\" data-name=\"your-message\"><textarea cols=\"40\" rows=\"10\" maxlength=\"2000\" class=\"wpcf7-form-control wpcf7-textarea\" aria-invalid=\"false\" placeholder=\"Spr\u00e1va\" name=\"your-message\"><\/textarea><\/span>\n<\/div>\n<div class=\"pxl--item\">\n  <div class=\"consent-container\">\n    <span class=\"wpcf7-form-control-wrap\" data-name=\"acceptance-42\"><span class=\"wpcf7-form-control wpcf7-acceptance optional\"><span class=\"wpcf7-list-item\"><input type=\"checkbox\" name=\"acceptance-42\" value=\"1\" aria-invalid=\"false\" \/><\/span><\/span><\/span>\n    <label>S\u00fahlas\u00edm, \u017ee zaslan\u00edm tohto formul\u00e1ra syst\u00e9m ulo\u017e\u00ed moje osobn\u00e9 \u00fadaje na \u010fal\u0161ie kontaktovanie<\/label>\n  <\/div>\n<\/div>\n<div class=\"pxl--item\">\n  <button type=\"submit\" class=\"wpcf7-submit btn style-reset1\"><span>Odosla\u0165<\/span><\/button>\n<\/div><div class=\"wpcf7-response-output\" aria-hidden=\"true\"><\/div>\n<input type=\"hidden\" name=\"trp-form-language\" value=\"sk\"\/><\/form>\n<\/div>\n<\/div>\n\t\t\t\t\t\t<\/div>\n\t\t\t\t<\/div>\n\t\t\t\t\t<\/div>\n\t\t<\/div>\n\t\t\t\t\t<\/div>\n\t\t<\/section>\n\t\t\t\t<section class=\"elementor-section elementor-top-section elementor-element elementor-element-3d0f05d elementor-section-content-middle elementor-section-boxed elementor-section-height-default elementor-section-height-default\" data-id=\"3d0f05d\" data-element_type=\"section\" data-settings=\"{&quot;background_background&quot;:&quot;classic&quot;}\">\n\t\t\t\t\t\t<div class=\"elementor-container elementor-column-gap-default\">\n\t\t\t\t\t<div class=\"elementor-column elementor-col-100 elementor-top-column elementor-element elementor-element-9dc672b\" data-id=\"9dc672b\" data-element_type=\"column\" data-settings=\"{&quot;background_background&quot;:&quot;classic&quot;}\">\n\t\t\t<div class=\"elementor-widget-wrap elementor-element-populated\">\n\t\t\t\t\t\t<div class=\"elementor-element elementor-element-d8a80ef elementor-widget elementor-widget-heading\" data-id=\"d8a80ef\" data-element_type=\"widget\" data-widget_type=\"heading.default\">\n\t\t\t\t<div class=\"elementor-widget-container\">\n\t\t\t\t\t<h2 class=\"elementor-heading-title elementor-size-default\"><a href=\"https:\/\/futureshapingfz.com\/sk\/\">Sp\u00e4\u0165 na domovsk\u00fa str\u00e1nku<\/a><\/h2>\t\t\t\t<\/div>\n\t\t\t\t<\/div>\n\t\t\t\t\t<\/div>\n\t\t<\/div>\n\t\t\t\t\t<\/div>\n\t\t<\/section>\n\t\t\t\t<\/div>","protected":false},"excerpt":{"rendered":"<p>Kapcsolatfelv\u00e9tel Kapcsolatfelv\u00e9tel Amennyiben b\u00e1rmilyen k\u00e9rd\u00e9se, probl\u00e9m\u00e1ja mer\u00fcl fel, vegye fel itt vel\u00fcnk a kapcsolatot! Vissza a kezd\u0151oldalra<\/p>","protected":false},"author":1,"featured_media":0,"parent":0,"menu_order":0,"comment_status":"closed","ping_status":"closed","template":"elementor_header_footer","meta":{"_acf_changed":false,"footnotes":""},"class_list":["post-2395","page","type-page","status-publish","hentry"],"acf":[],"_links":{"self":[{"href":"https:\/\/futureshapingfz.com\/sk\/wp-json\/wp\/v2\/pages\/2395","targetHints":{"allow":["GET"]}}],"collection":[{"href":"https:\/\/futureshapingfz.com\/sk\/wp-json\/wp\/v2\/pages"}],"about":[{"href":"https:\/\/futureshapingfz.com\/sk\/wp-json\/wp\/v2\/types\/page"}],"author":[{"embeddable":true,"href":"https:\/\/futureshapingfz.com\/sk\/wp-json\/wp\/v2\/users\/1"}],"replies":[{"embeddable":true,"href":"https:\/\/futureshapingfz.com\/sk\/wp-json\/wp\/v2\/comments?post=2395"}],"version-history":[{"count":33,"href":"https:\/\/futureshapingfz.com\/sk\/wp-json\/wp\/v2\/pages\/2395\/revisions"}],"predecessor-version":[{"id":2693,"href":"https:\/\/futureshapingfz.com\/sk\/wp-json\/wp\/v2\/pages\/2395\/revisions\/2693"}],"wp:attachment":[{"href":"https:\/\/futureshapingfz.com\/sk\/wp-json\/wp\/v2\/media?parent=2395"}],"curies":[{"name":"wp","href":"https:\/\/api.w.org\/{rel}","templated":true}]}}