{"id":2255,"date":"2024-11-27T21:36:51","date_gmt":"2024-11-27T20:36:51","guid":{"rendered":"https:\/\/futureshapingfz.com\/?page_id=2255"},"modified":"2024-12-16T18:46:24","modified_gmt":"2024-12-16T17:46:24","slug":"jovonk","status":"publish","type":"page","link":"https:\/\/futureshapingfz.com\/sk\/jovonk\/","title":{"rendered":"J\u00f6v\u00f6nk"},"content":{"rendered":"<div data-elementor-type=\"wp-page\" data-elementor-id=\"2255\" class=\"elementor elementor-2255\">\n\t\t\t\t\t\t<section class=\"elementor-section elementor-top-section elementor-element elementor-element-ae2ee17 elementor-section-boxed elementor-section-height-default elementor-section-height-default\" data-id=\"ae2ee17\" data-element_type=\"section\" data-settings=\"{&quot;background_background&quot;:&quot;video&quot;,&quot;background_video_link&quot;:&quot;https:\\\/\\\/futureshapingfz.com\\\/wp-content\\\/uploads\\\/2024\\\/11\\\/erdozenevel.mp4&quot;,&quot;background_play_on_mobile&quot;:&quot;yes&quot;}\">\n\t\t\t\t\t\t\t\t<div class=\"elementor-background-video-container\">\n\t\t\t\t\t\t\t\t\t\t\t\t\t<video class=\"elementor-background-video-hosted\" autoplay muted playsinline loop><\/video>\n\t\t\t\t\t\t\t\t\t\t\t<\/div>\n\t\t\t\t\t\t\t\t<div class=\"elementor-container elementor-column-gap-default\">\n\t\t\t\t\t<div class=\"elementor-column elementor-col-100 elementor-top-column elementor-element elementor-element-16705f3\" data-id=\"16705f3\" data-element_type=\"column\">\n\t\t\t<div class=\"elementor-widget-wrap elementor-element-populated\">\n\t\t\t\t\t\t<div class=\"elementor-element elementor-element-0570117 elementor-widget-mobile__width-initial elementor-absolute elementor-widget elementor-widget-heading\" data-id=\"0570117\" data-element_type=\"widget\" data-settings=\"{&quot;_position&quot;:&quot;absolute&quot;}\" data-widget_type=\"heading.default\">\n\t\t\t\t<div class=\"elementor-widget-container\">\n\t\t\t\t\t<h2 class=\"elementor-heading-title elementor-size-default\">CHR\u00c1\u0147TE NA\u0160E \u017dIVOTN\u00c9 PROSTREDIE!<\/h2>\t\t\t\t<\/div>\n\t\t\t\t<\/div>\n\t\t\t\t\t<\/div>\n\t\t<\/div>\n\t\t\t\t\t<\/div>\n\t\t<\/section>\n\t\t\t\t<section class=\"elementor-section elementor-top-section elementor-element elementor-element-847b36f elementor-section-content-middle elementor-section-boxed elementor-section-height-default elementor-section-height-default\" data-id=\"847b36f\" data-element_type=\"section\" data-settings=\"{&quot;background_background&quot;:&quot;classic&quot;}\">\n\t\t\t\t\t\t<div class=\"elementor-container elementor-column-gap-default\">\n\t\t\t\t\t<div class=\"elementor-column elementor-col-50 elementor-top-column elementor-element elementor-element-7f193e0\" data-id=\"7f193e0\" data-element_type=\"column\" data-settings=\"{&quot;background_background&quot;:&quot;classic&quot;}\">\n\t\t\t<div class=\"elementor-widget-wrap elementor-element-populated\">\n\t\t\t\t\t\t<div class=\"elementor-element elementor-element-e3db0a3 elementor-widget elementor-widget-text-editor\" data-id=\"e3db0a3\" data-element_type=\"widget\" data-widget_type=\"text-editor.default\">\n\t\t\t\t<div class=\"elementor-widget-container\">\n\t\t\t\t\t\t\t\t\t<p>St\u00e1le v\u00e4\u010d\u0161\u00edm probl\u00e9mom \u013eudstva je produkcia plastov\u00e9ho a papierov\u00e9ho odpadu, ktor\u00e1 m\u00e1 v\u00e1\u017ene dopady na \u017eivotn\u00e9 prostredie. Recykl\u00e1cia je jedn\u00fdm z najefekt\u00edvnej\u0161\u00edch sp\u00f4sobov nakladania s odpadom, preto\u017ee pom\u00e1ha zni\u017eova\u0165 za\u0165a\u017eenie skl\u00e1dok a minimalizuje dopad na \u017eivotn\u00e9 prostredie. Recykl\u00e1cia navy\u0161e prin\u00e1\u0161a aj ekonomick\u00e9 v\u00fdhody, preto\u017ee z odpadu mo\u017eno vyr\u00e1ba\u0165 nov\u00e9 produkty, \u010d\u00edm sa zvy\u0161uje udr\u017eate\u013enos\u0165 n\u00e1\u0161ho \u017eivotn\u00e9ho prostredia a efekt\u00edvnej\u0161ie vyu\u017e\u00edvanie zdrojov.<\/p>\t\t\t\t\t\t\t\t<\/div>\n\t\t\t\t<\/div>\n\t\t\t\t\t<\/div>\n\t\t<\/div>\n\t\t\t\t<div class=\"elementor-column elementor-col-50 elementor-top-column elementor-element elementor-element-82107a3\" data-id=\"82107a3\" data-element_type=\"column\" data-settings=\"{&quot;background_background&quot;:&quot;classic&quot;}\">\n\t\t\t<div class=\"elementor-widget-wrap elementor-element-populated\">\n\t\t\t\t\t\t<div class=\"elementor-element elementor-element-04ea82c elementor-widget elementor-widget-image\" data-id=\"04ea82c\" data-element_type=\"widget\" data-widget_type=\"image.default\">\n\t\t\t\t<div class=\"elementor-widget-container\">\n\t\t\t\t\t\t\t\t\t\t\t\t\t\t\t<img fetchpriority=\"high\" decoding=\"async\" width=\"743\" height=\"437\" src=\"https:\/\/futureshapingfz.com\/wp-content\/uploads\/2024\/11\/Block13.png\" class=\"attachment-full size-full wp-image-2324\" alt=\"\" srcset=\"https:\/\/futureshapingfz.com\/wp-content\/uploads\/2024\/11\/Block13.png 743w, https:\/\/futureshapingfz.com\/wp-content\/uploads\/2024\/11\/Block13-300x176.png 300w, https:\/\/futureshapingfz.com\/wp-content\/uploads\/2024\/11\/Block13-530x312.png 530w\" sizes=\"(max-width: 743px) 100vw, 743px\" \/>\t\t\t\t\t\t\t\t\t\t\t\t\t\t\t<\/div>\n\t\t\t\t<\/div>\n\t\t\t\t\t<\/div>\n\t\t<\/div>\n\t\t\t\t\t<\/div>\n\t\t<\/section>\n\t\t\t\t<section class=\"elementor-section elementor-top-section elementor-element elementor-element-5aadc6a elementor-section-boxed elementor-section-height-default elementor-section-height-default\" data-id=\"5aadc6a\" data-element_type=\"section\" data-settings=\"{&quot;background_background&quot;:&quot;classic&quot;}\">\n\t\t\t\t\t\t<div class=\"elementor-container elementor-column-gap-default\">\n\t\t\t\t\t<div class=\"elementor-column elementor-col-100 elementor-top-column elementor-element elementor-element-9d21663\" data-id=\"9d21663\" data-element_type=\"column\">\n\t\t\t<div class=\"elementor-widget-wrap elementor-element-populated\">\n\t\t\t\t\t\t<div class=\"elementor-element elementor-element-7dc4077 elementor-widget elementor-widget-heading\" data-id=\"7dc4077\" data-element_type=\"widget\" data-widget_type=\"heading.default\">\n\t\t\t\t<div class=\"elementor-widget-container\">\n\t\t\t\t\t<h2 class=\"elementor-heading-title elementor-size-default\">Nev\u0161edn\u00e9 rie\u0161enie, svetov\u00fd priemyseln\u00fd patent!<\/h2>\t\t\t\t<\/div>\n\t\t\t\t<\/div>\n\t\t\t\t\t<\/div>\n\t\t<\/div>\n\t\t\t\t\t<\/div>\n\t\t<\/section>\n\t\t\t\t<section class=\"elementor-section elementor-top-section elementor-element elementor-element-5ee8bae elementor-section-content-middle elementor-section-boxed elementor-section-height-default elementor-section-height-default\" data-id=\"5ee8bae\" data-element_type=\"section\" data-settings=\"{&quot;background_background&quot;:&quot;classic&quot;}\">\n\t\t\t\t\t\t<div class=\"elementor-container elementor-column-gap-default\">\n\t\t\t\t\t<div class=\"elementor-column elementor-col-100 elementor-top-column elementor-element elementor-element-74c1b2f\" data-id=\"74c1b2f\" data-element_type=\"column\" data-settings=\"{&quot;background_background&quot;:&quot;classic&quot;}\">\n\t\t\t<div class=\"elementor-widget-wrap elementor-element-populated\">\n\t\t\t\t\t\t<div class=\"elementor-element elementor-element-29fee44 elementor-widget elementor-widget-text-editor\" data-id=\"29fee44\" data-element_type=\"widget\" data-widget_type=\"text-editor.default\">\n\t\t\t\t<div class=\"elementor-widget-container\">\n\t\t\t\t\t\t\t\t\t<p>V\u00fdznamn\u00fa \u010das\u0165 tr\u017eieb na\u0161ej spolo\u010dnosti vynaklad\u00e1me na n\u00e1kup uhl\u00edkovo neutr\u00e1lnych strojov na recykl\u00e1ciu odpadu. Stroje bud\u00fa vyr\u00e1ba\u0165 stavebn\u00e9 produkty zo selekt\u00edvneho odpadu.<\/p><p>V\u00fdroba tabu\u013ekov\u00fdch stavebn\u00fdch materi\u00e1lov zo 100% v\u00fdberov\u00e9ho plastu a in\u00e9ho podobn\u00e9ho odpadu, bez lepidiel a in\u00fdch chemik\u00e1li\u00ed.<\/p><p>Be\u017en\u00e9 a oh\u0148ovzdorn\u00e9 deliace steny, kon\u0161truk\u010dn\u00e9 dosky (OSB a pod.), dekora\u010dn\u00fd n\u00e1bytok a laminovan\u00e9 dosky.<\/p><p>Vyroben\u00e9 produkty s\u00fa \u00faplne uhl\u00edkovo neutr\u00e1lne, zalo\u017een\u00e9 na \u0161peci\u00e1lnom procese lisovania.<\/p><p>Zelen\u00fd projekt budeme realizova\u0165 pod n\u00e1zvom RecycWaste.<\/p>\t\t\t\t\t\t\t\t<\/div>\n\t\t\t\t<\/div>\n\t\t\t\t<div class=\"elementor-element elementor-element-f664c9b elementor-widget elementor-widget-image\" data-id=\"f664c9b\" data-element_type=\"widget\" data-widget_type=\"image.default\">\n\t\t\t\t<div class=\"elementor-widget-container\">\n\t\t\t\t\t\t\t\t\t\t\t\t\t\t\t<img decoding=\"async\" width=\"1866\" height=\"831\" src=\"https:\/\/futureshapingfz.com\/wp-content\/uploads\/2024\/11\/Block-egybe.png\" class=\"attachment-full size-full wp-image-2388\" alt=\"\" srcset=\"https:\/\/futureshapingfz.com\/wp-content\/uploads\/2024\/11\/Block-egybe.png 1866w, https:\/\/futureshapingfz.com\/wp-content\/uploads\/2024\/11\/Block-egybe-300x134.png 300w, https:\/\/futureshapingfz.com\/wp-content\/uploads\/2024\/11\/Block-egybe-1024x456.png 1024w, https:\/\/futureshapingfz.com\/wp-content\/uploads\/2024\/11\/Block-egybe-768x342.png 768w, https:\/\/futureshapingfz.com\/wp-content\/uploads\/2024\/11\/Block-egybe-1536x684.png 1536w, https:\/\/futureshapingfz.com\/wp-content\/uploads\/2024\/11\/Block-egybe-530x236.png 530w\" sizes=\"(max-width: 1866px) 100vw, 1866px\" \/>\t\t\t\t\t\t\t\t\t\t\t\t\t\t\t<\/div>\n\t\t\t\t<\/div>\n\t\t\t\t<section class=\"elementor-section elementor-inner-section elementor-element elementor-element-ab8426b elementor-section-boxed elementor-section-height-default elementor-section-height-default\" data-id=\"ab8426b\" data-element_type=\"section\">\n\t\t\t\t\t\t<div class=\"elementor-container elementor-column-gap-default\">\n\t\t\t\t\t<div class=\"elementor-column elementor-col-50 elementor-inner-column elementor-element elementor-element-31c439c\" data-id=\"31c439c\" data-element_type=\"column\">\n\t\t\t<div class=\"elementor-widget-wrap elementor-element-populated\">\n\t\t\t\t\t\t<div class=\"elementor-element elementor-element-6229712 elementor-widget elementor-widget-heading\" data-id=\"6229712\" data-element_type=\"widget\" data-widget_type=\"heading.default\">\n\t\t\t\t<div class=\"elementor-widget-container\">\n\t\t\t\t\t<h2 class=\"elementor-heading-title elementor-size-default\">Oblas\u0165 pou\u017eitia, vonkaj\u0161ia architekt\u00fara:<\/h2>\t\t\t\t<\/div>\n\t\t\t\t<\/div>\n\t\t\t\t<div class=\"elementor-element elementor-element-a82d087 elementor-widget elementor-widget-image\" data-id=\"a82d087\" data-element_type=\"widget\" data-widget_type=\"image.default\">\n\t\t\t\t<div class=\"elementor-widget-container\">\n\t\t\t\t\t\t\t\t\t\t\t\t\t\t\t<img decoding=\"async\" width=\"640\" height=\"334\" src=\"https:\/\/futureshapingfz.com\/wp-content\/uploads\/2024\/11\/Block15.png\" class=\"attachment-large size-large wp-image-2361\" alt=\"\" srcset=\"https:\/\/futureshapingfz.com\/wp-content\/uploads\/2024\/11\/Block15.png 756w, https:\/\/futureshapingfz.com\/wp-content\/uploads\/2024\/11\/Block15-300x157.png 300w, https:\/\/futureshapingfz.com\/wp-content\/uploads\/2024\/11\/Block15-530x277.png 530w\" sizes=\"(max-width: 640px) 100vw, 640px\" \/>\t\t\t\t\t\t\t\t\t\t\t\t\t\t\t<\/div>\n\t\t\t\t<\/div>\n\t\t\t\t<div class=\"elementor-element elementor-element-0b6edc3 elementor-widget elementor-widget-text-editor\" data-id=\"0b6edc3\" data-element_type=\"widget\" data-widget_type=\"text-editor.default\">\n\t\t\t\t<div class=\"elementor-widget-container\">\n\t\t\t\t\t\t\t\t\t<p>Obklady \u013eahk\u00fdch budov, debniace kon\u0161trukcie, obklady vonkaj\u0161\u00edch stien, protihlukov\u00e9 ploty at\u010f.<\/p>\t\t\t\t\t\t\t\t<\/div>\n\t\t\t\t<\/div>\n\t\t\t\t\t<\/div>\n\t\t<\/div>\n\t\t\t\t<div class=\"elementor-column elementor-col-50 elementor-inner-column elementor-element elementor-element-c16abbb\" data-id=\"c16abbb\" data-element_type=\"column\">\n\t\t\t<div class=\"elementor-widget-wrap elementor-element-populated\">\n\t\t\t\t\t\t<div class=\"elementor-element elementor-element-9469569 elementor-widget elementor-widget-heading\" data-id=\"9469569\" data-element_type=\"widget\" data-widget_type=\"heading.default\">\n\t\t\t\t<div class=\"elementor-widget-container\">\n\t\t\t\t\t<h2 class=\"elementor-heading-title elementor-size-default\">Oblas\u0165 pou\u017eitia, interi\u00e9rov\u00e1 architekt\u00fara:\n<\/h2>\t\t\t\t<\/div>\n\t\t\t\t<\/div>\n\t\t\t\t<div class=\"elementor-element elementor-element-7f02feb elementor-widget elementor-widget-image\" data-id=\"7f02feb\" data-element_type=\"widget\" data-widget_type=\"image.default\">\n\t\t\t\t<div class=\"elementor-widget-container\">\n\t\t\t\t\t\t\t\t\t\t\t\t\t\t\t<img loading=\"lazy\" decoding=\"async\" width=\"640\" height=\"335\" src=\"https:\/\/futureshapingfz.com\/wp-content\/uploads\/2024\/11\/Block16.png\" class=\"attachment-large size-large wp-image-2362\" alt=\"\" srcset=\"https:\/\/futureshapingfz.com\/wp-content\/uploads\/2024\/11\/Block16.png 758w, https:\/\/futureshapingfz.com\/wp-content\/uploads\/2024\/11\/Block16-300x157.png 300w, https:\/\/futureshapingfz.com\/wp-content\/uploads\/2024\/11\/Block16-530x278.png 530w\" sizes=\"(max-width: 640px) 100vw, 640px\" \/>\t\t\t\t\t\t\t\t\t\t\t\t\t\t\t<\/div>\n\t\t\t\t<\/div>\n\t\t\t\t<div class=\"elementor-element elementor-element-d6097ba elementor-widget elementor-widget-text-editor\" data-id=\"d6097ba\" data-element_type=\"widget\" data-widget_type=\"text-editor.default\">\n\t\t\t\t<div class=\"elementor-widget-container\">\n\t\t\t\t\t\t\t\t\t<p>V\u00fdroba n\u00e1bytku, obklady vn\u00fatorn\u00fdch stien, lamin\u00e1tov\u00e9 podlahy, interi\u00e9rov\u00e9 \u200b\u200bdverov\u00e9 v\u00fdplne, hladk\u00e9 a protipo\u017eiarne prie\u010dky at\u010f<\/p>\t\t\t\t\t\t\t\t<\/div>\n\t\t\t\t<\/div>\n\t\t\t\t\t<\/div>\n\t\t<\/div>\n\t\t\t\t\t<\/div>\n\t\t<\/section>\n\t\t\t\t\t<\/div>\n\t\t<\/div>\n\t\t\t\t\t<\/div>\n\t\t<\/section>\n\t\t\t\t<section class=\"elementor-section elementor-top-section elementor-element elementor-element-34cef59 elementor-section-boxed elementor-section-height-default elementor-section-height-default\" data-id=\"34cef59\" data-element_type=\"section\" data-settings=\"{&quot;background_background&quot;:&quot;classic&quot;}\">\n\t\t\t\t\t\t<div class=\"elementor-container elementor-column-gap-default\">\n\t\t\t\t\t<div class=\"elementor-column elementor-col-100 elementor-top-column elementor-element elementor-element-ee60416\" data-id=\"ee60416\" data-element_type=\"column\">\n\t\t\t<div class=\"elementor-widget-wrap elementor-element-populated\">\n\t\t\t\t\t\t<div class=\"elementor-element elementor-element-0db4bba elementor-widget elementor-widget-heading\" data-id=\"0db4bba\" data-element_type=\"widget\" data-widget_type=\"heading.default\">\n\t\t\t\t<div class=\"elementor-widget-container\">\n\t\t\t\t\t<h2 class=\"elementor-heading-title elementor-size-default\">Vzory produktov\u00e9ho portf\u00f3lia vyroben\u00e9 strojom.<\/h2>\t\t\t\t<\/div>\n\t\t\t\t<\/div>\n\t\t\t\t\t<\/div>\n\t\t<\/div>\n\t\t\t\t\t<\/div>\n\t\t<\/section>\n\t\t\t\t<section class=\"elementor-section elementor-top-section elementor-element elementor-element-de1b27a elementor-section-content-middle elementor-section-boxed elementor-section-height-default elementor-section-height-default\" data-id=\"de1b27a\" data-element_type=\"section\" data-settings=\"{&quot;background_background&quot;:&quot;classic&quot;}\">\n\t\t\t\t\t\t<div class=\"elementor-container elementor-column-gap-default\">\n\t\t\t\t\t<div class=\"elementor-column elementor-col-100 elementor-top-column elementor-element elementor-element-f674885\" data-id=\"f674885\" data-element_type=\"column\" data-settings=\"{&quot;background_background&quot;:&quot;classic&quot;}\">\n\t\t\t<div class=\"elementor-widget-wrap elementor-element-populated\">\n\t\t\t\t\t\t<section class=\"elementor-section elementor-inner-section elementor-element elementor-element-5b07da9 elementor-section-boxed elementor-section-height-default elementor-section-height-default\" data-id=\"5b07da9\" data-element_type=\"section\">\n\t\t\t\t\t\t<div class=\"elementor-container elementor-column-gap-default\">\n\t\t\t\t\t<div class=\"elementor-column elementor-col-50 elementor-inner-column elementor-element elementor-element-b72f001\" data-id=\"b72f001\" data-element_type=\"column\">\n\t\t\t<div class=\"elementor-widget-wrap elementor-element-populated\">\n\t\t\t\t\t\t<div class=\"elementor-element elementor-element-e04275d elementor-widget elementor-widget-image\" data-id=\"e04275d\" data-element_type=\"widget\" data-widget_type=\"image.default\">\n\t\t\t\t<div class=\"elementor-widget-container\">\n\t\t\t\t\t\t\t\t\t\t\t\t\t\t\t<img loading=\"lazy\" decoding=\"async\" width=\"640\" height=\"383\" src=\"https:\/\/futureshapingfz.com\/wp-content\/uploads\/2024\/11\/Block-17.png\" class=\"attachment-large size-large wp-image-2366\" alt=\"\" srcset=\"https:\/\/futureshapingfz.com\/wp-content\/uploads\/2024\/11\/Block-17.png 685w, https:\/\/futureshapingfz.com\/wp-content\/uploads\/2024\/11\/Block-17-300x180.png 300w, https:\/\/futureshapingfz.com\/wp-content\/uploads\/2024\/11\/Block-17-530x317.png 530w\" sizes=\"(max-width: 640px) 100vw, 640px\" \/>\t\t\t\t\t\t\t\t\t\t\t\t\t\t\t<\/div>\n\t\t\t\t<\/div>\n\t\t\t\t<div class=\"elementor-element elementor-element-be5efca elementor-widget elementor-widget-heading\" data-id=\"be5efca\" data-element_type=\"widget\" data-widget_type=\"heading.default\">\n\t\t\t\t<div class=\"elementor-widget-container\">\n\t\t\t\t\t<h2 class=\"elementor-heading-title elementor-size-default\">V\u00fdrobn\u00e9 vzory, n\u00e1bytok a lamin\u00e1tov\u00e9 dosky.<\/h2>\t\t\t\t<\/div>\n\t\t\t\t<\/div>\n\t\t\t\t\t<\/div>\n\t\t<\/div>\n\t\t\t\t<div class=\"elementor-column elementor-col-50 elementor-inner-column elementor-element elementor-element-96e4ff7\" data-id=\"96e4ff7\" data-element_type=\"column\">\n\t\t\t<div class=\"elementor-widget-wrap elementor-element-populated\">\n\t\t\t\t\t\t<div class=\"elementor-element elementor-element-d6cdc31 elementor-widget elementor-widget-image\" data-id=\"d6cdc31\" data-element_type=\"widget\" data-widget_type=\"image.default\">\n\t\t\t\t<div class=\"elementor-widget-container\">\n\t\t\t\t\t\t\t\t\t\t\t\t\t\t\t<img loading=\"lazy\" decoding=\"async\" width=\"640\" height=\"383\" src=\"https:\/\/futureshapingfz.com\/wp-content\/uploads\/2024\/11\/Block-19-20.png\" class=\"attachment-large size-large wp-image-2377\" alt=\"\" srcset=\"https:\/\/futureshapingfz.com\/wp-content\/uploads\/2024\/11\/Block-19-20.png 685w, https:\/\/futureshapingfz.com\/wp-content\/uploads\/2024\/11\/Block-19-20-300x180.png 300w, https:\/\/futureshapingfz.com\/wp-content\/uploads\/2024\/11\/Block-19-20-530x317.png 530w\" sizes=\"(max-width: 640px) 100vw, 640px\" \/>\t\t\t\t\t\t\t\t\t\t\t\t\t\t\t<\/div>\n\t\t\t\t<\/div>\n\t\t\t\t<div class=\"elementor-element elementor-element-cac4092 elementor-widget elementor-widget-heading\" data-id=\"cac4092\" data-element_type=\"widget\" data-widget_type=\"heading.default\">\n\t\t\t\t<div class=\"elementor-widget-container\">\n\t\t\t\t\t<h2 class=\"elementor-heading-title elementor-size-default\">V\u00fdrobn\u00e9 suroviny, trieden\u00fd plastov\u00fd odpad.\n<\/h2>\t\t\t\t<\/div>\n\t\t\t\t<\/div>\n\t\t\t\t\t<\/div>\n\t\t<\/div>\n\t\t\t\t\t<\/div>\n\t\t<\/section>\n\t\t\t\t\t<\/div>\n\t\t<\/div>\n\t\t\t\t\t<\/div>\n\t\t<\/section>\n\t\t\t\t<section class=\"elementor-section elementor-top-section elementor-element elementor-element-d8cbd34 elementor-section-boxed elementor-section-height-default elementor-section-height-default\" data-id=\"d8cbd34\" data-element_type=\"section\" data-settings=\"{&quot;background_background&quot;:&quot;classic&quot;}\">\n\t\t\t\t\t\t<div class=\"elementor-container elementor-column-gap-default\">\n\t\t\t\t\t<div class=\"elementor-column elementor-col-100 elementor-top-column elementor-element elementor-element-ad3e0c6\" data-id=\"ad3e0c6\" data-element_type=\"column\">\n\t\t\t<div class=\"elementor-widget-wrap elementor-element-populated\">\n\t\t\t\t\t\t<div class=\"elementor-element elementor-element-40bee26 elementor-widget elementor-widget-heading\" data-id=\"40bee26\" data-element_type=\"widget\" data-widget_type=\"heading.default\">\n\t\t\t\t<div class=\"elementor-widget-container\">\n\t\t\t\t\t<h2 class=\"elementor-heading-title elementor-size-default\">Sta\u0148te sa s\u00fa\u010das\u0165ou n\u00e1\u0161ho projektu!<\/h2>\t\t\t\t<\/div>\n\t\t\t\t<\/div>\n\t\t\t\t\t<\/div>\n\t\t<\/div>\n\t\t\t\t\t<\/div>\n\t\t<\/section>\n\t\t\t\t<section class=\"elementor-section elementor-top-section elementor-element elementor-element-16e200f elementor-section-content-middle elementor-section-boxed elementor-section-height-default elementor-section-height-default\" data-id=\"16e200f\" data-element_type=\"section\" data-settings=\"{&quot;background_background&quot;:&quot;classic&quot;}\">\n\t\t\t\t\t\t<div class=\"elementor-container elementor-column-gap-default\">\n\t\t\t\t\t<div class=\"elementor-column elementor-col-100 elementor-top-column elementor-element elementor-element-b0de635\" data-id=\"b0de635\" data-element_type=\"column\" data-settings=\"{&quot;background_background&quot;:&quot;classic&quot;}\">\n\t\t\t<div class=\"elementor-widget-wrap elementor-element-populated\">\n\t\t\t\t\t\t<div class=\"elementor-element elementor-element-82f2b64 elementor-widget elementor-widget-text-editor\" data-id=\"82f2b64\" data-element_type=\"widget\" data-widget_type=\"text-editor.default\">\n\t\t\t\t<div class=\"elementor-widget-container\">\n\t\t\t\t\t\t\t\t\t<p>Na\u0161\u00edm poslan\u00edm je prepoji\u0165 virtu\u00e1lny krypto-finan\u010dn\u00fd svet so strojovou linkou, ktor\u00e1 vyr\u00e1ba produkty zo selekt\u00edvneho odpadu,\n\u010d\u00edm prispievame k ochrane ekosyst\u00e9mu na\u0161ej plan\u00e9ty.<\/p>\t\t\t\t\t\t\t\t<\/div>\n\t\t\t\t<\/div>\n\t\t\t\t<div class=\"elementor-element elementor-element-21cfb3a elementor-widget elementor-widget-heading\" data-id=\"21cfb3a\" data-element_type=\"widget\" data-widget_type=\"heading.default\">\n\t\t\t\t<div class=\"elementor-widget-container\">\n\t\t\t\t\t<h2 class=\"elementor-heading-title elementor-size-default\">N\u00e1\u0161 zelen\u00fd projekt je mal\u00fdm krokom pre kryptosvet, ale ve\u013ek\u00fdm krokom pre na\u0161e \u017eivotn\u00e9 prostredie.<\/h2>\t\t\t\t<\/div>\n\t\t\t\t<\/div>\n\t\t\t\t\t<\/div>\n\t\t<\/div>\n\t\t\t\t\t<\/div>\n\t\t<\/section>\n\t\t\t\t<section class=\"elementor-section elementor-top-section elementor-element elementor-element-9cdd20e elementor-section-boxed elementor-section-height-default elementor-section-height-default\" data-id=\"9cdd20e\" data-element_type=\"section\" data-settings=\"{&quot;background_background&quot;:&quot;classic&quot;}\">\n\t\t\t\t\t\t<div class=\"elementor-container elementor-column-gap-default\">\n\t\t\t\t\t<div class=\"elementor-column elementor-col-100 elementor-top-column elementor-element elementor-element-2f16741\" data-id=\"2f16741\" data-element_type=\"column\">\n\t\t\t<div class=\"elementor-widget-wrap elementor-element-populated\">\n\t\t\t\t\t\t<div class=\"elementor-element elementor-element-31bb0d0 elementor-align-justify elementor-widget elementor-widget-button\" data-id=\"31bb0d0\" data-element_type=\"widget\" data-widget_type=\"button.default\">\n\t\t\t\t<div class=\"elementor-widget-container\">\n\t\t\t\t\t\t\t\t\t<div class=\"elementor-button-wrapper\">\n\t\t\t\t\t<a class=\"elementor-button elementor-button-link elementor-size-sm elementor-animation-shrink\" href=\"https:\/\/futureshapingfz.com\/sk\/\" target=\"_blank\">\n\t\t\t\t\t\t<span class=\"elementor-button-content-wrapper\">\n\t\t\t\t\t\t\t\t\t<span class=\"elementor-button-text\">Sp\u00e4\u0165 na domovsk\u00fa str\u00e1nku<\/span>\n\t\t\t\t\t<\/span>\n\t\t\t\t\t<\/a>\n\t\t\t\t<\/div>\n\t\t\t\t\t\t\t\t<\/div>\n\t\t\t\t<\/div>\n\t\t\t\t\t<\/div>\n\t\t<\/div>\n\t\t\t\t\t<\/div>\n\t\t<\/section>\n\t\t\t\t<\/div>","protected":false},"excerpt":{"rendered":"<p>\u00d3VJUK K\u00d6RNYEZET\u00dcNKET! Az emberis\u00e9g egyre n\u00f6vekv\u0151 probl\u00e9m\u00e1ja a m\u0171anyag \u00e9s pap\u00edrhullad\u00e9k termel\u00e9se, amelynek k\u00f6rnyezeti hat\u00e1sai s\u00falyosak. Az \u00fajrahasznos\u00edt\u00e1s, az egyik leghat\u00e9konyabb m\u00f3dja a hullad\u00e9kok kezel\u00e9s\u00e9nek, mivel seg\u00edt cs\u00f6kkenteni a szem\u00e9tlerak\u00f3k terhel\u00e9s\u00e9t \u00e9s minimaliz\u00e1lja a k\u00f6rnyezeti terhel\u00e9st. Ezen k\u00edv\u00fcl, az \u00fajrahasznos\u00edt\u00e1s gazdas\u00e1gi el\u0151ny\u00f6kkel is j\u00e1r, hiszen a hullad\u00e9kb\u00f3l \u00faj term\u00e9kek k\u00e9sz\u00fclhetnek, n\u00f6velve k\u00f6rnyezet\u00fcnk fenntarthat\u00f3s\u00e1g\u00e1t \u00e9s az <\/p>","protected":false},"author":1,"featured_media":0,"parent":0,"menu_order":0,"comment_status":"closed","ping_status":"closed","template":"elementor_header_footer","meta":{"_acf_changed":false,"footnotes":""},"class_list":["post-2255","page","type-page","status-publish","hentry"],"acf":[],"_links":{"self":[{"href":"https:\/\/futureshapingfz.com\/sk\/wp-json\/wp\/v2\/pages\/2255","targetHints":{"allow":["GET"]}}],"collection":[{"href":"https:\/\/futureshapingfz.com\/sk\/wp-json\/wp\/v2\/pages"}],"about":[{"href":"https:\/\/futureshapingfz.com\/sk\/wp-json\/wp\/v2\/types\/page"}],"author":[{"embeddable":true,"href":"https:\/\/futureshapingfz.com\/sk\/wp-json\/wp\/v2\/users\/1"}],"replies":[{"embeddable":true,"href":"https:\/\/futureshapingfz.com\/sk\/wp-json\/wp\/v2\/comments?post=2255"}],"version-history":[{"count":75,"href":"https:\/\/futureshapingfz.com\/sk\/wp-json\/wp\/v2\/pages\/2255\/revisions"}],"predecessor-version":[{"id":2814,"href":"https:\/\/futureshapingfz.com\/sk\/wp-json\/wp\/v2\/pages\/2255\/revisions\/2814"}],"wp:attachment":[{"href":"https:\/\/futureshapingfz.com\/sk\/wp-json\/wp\/v2\/media?parent=2255"}],"curies":[{"name":"wp","href":"https:\/\/api.w.org\/{rel}","templated":true}]}}