{"id":2255,"date":"2024-11-27T21:36:51","date_gmt":"2024-11-27T20:36:51","guid":{"rendered":"https:\/\/futureshapingfz.com\/?page_id=2255"},"modified":"2024-12-16T18:46:24","modified_gmt":"2024-12-16T17:46:24","slug":"jovonk","status":"publish","type":"page","link":"https:\/\/futureshapingfz.com\/hu\/jovonk\/","title":{"rendered":"J\u00f6v\u00f6nk"},"content":{"rendered":"\t\t<div data-elementor-type=\"wp-page\" data-elementor-id=\"2255\" class=\"elementor elementor-2255\">\n\t\t\t\t\t\t<section class=\"elementor-section elementor-top-section elementor-element elementor-element-ae2ee17 elementor-section-boxed elementor-section-height-default elementor-section-height-default\" data-id=\"ae2ee17\" data-element_type=\"section\" data-settings=\"{&quot;background_background&quot;:&quot;video&quot;,&quot;background_video_link&quot;:&quot;https:\\\/\\\/futureshapingfz.com\\\/wp-content\\\/uploads\\\/2024\\\/11\\\/erdozenevel.mp4&quot;,&quot;background_play_on_mobile&quot;:&quot;yes&quot;}\">\n\t\t\t\t\t\t\t\t<div class=\"elementor-background-video-container\">\n\t\t\t\t\t\t\t\t\t\t\t\t\t<video class=\"elementor-background-video-hosted\" autoplay muted playsinline loop><\/video>\n\t\t\t\t\t\t\t\t\t\t\t<\/div>\n\t\t\t\t\t\t\t\t<div class=\"elementor-container elementor-column-gap-default\">\n\t\t\t\t\t<div class=\"elementor-column elementor-col-100 elementor-top-column elementor-element elementor-element-16705f3\" data-id=\"16705f3\" data-element_type=\"column\">\n\t\t\t<div class=\"elementor-widget-wrap elementor-element-populated\">\n\t\t\t\t\t\t<div class=\"elementor-element elementor-element-0570117 elementor-widget-mobile__width-initial elementor-absolute elementor-widget elementor-widget-heading\" data-id=\"0570117\" data-element_type=\"widget\" data-settings=\"{&quot;_position&quot;:&quot;absolute&quot;}\" data-widget_type=\"heading.default\">\n\t\t\t\t<div class=\"elementor-widget-container\">\n\t\t\t\t\t<h2 class=\"elementor-heading-title elementor-size-default\">\u00d3VJUK K\u00d6RNYEZET\u00dcNKET!<\/h2>\t\t\t\t<\/div>\n\t\t\t\t<\/div>\n\t\t\t\t\t<\/div>\n\t\t<\/div>\n\t\t\t\t\t<\/div>\n\t\t<\/section>\n\t\t\t\t<section class=\"elementor-section elementor-top-section elementor-element elementor-element-847b36f elementor-section-content-middle elementor-section-boxed elementor-section-height-default elementor-section-height-default\" data-id=\"847b36f\" data-element_type=\"section\" data-settings=\"{&quot;background_background&quot;:&quot;classic&quot;}\">\n\t\t\t\t\t\t<div class=\"elementor-container elementor-column-gap-default\">\n\t\t\t\t\t<div class=\"elementor-column elementor-col-50 elementor-top-column elementor-element elementor-element-7f193e0\" data-id=\"7f193e0\" data-element_type=\"column\" data-settings=\"{&quot;background_background&quot;:&quot;classic&quot;}\">\n\t\t\t<div class=\"elementor-widget-wrap elementor-element-populated\">\n\t\t\t\t\t\t<div class=\"elementor-element elementor-element-e3db0a3 elementor-widget elementor-widget-text-editor\" data-id=\"e3db0a3\" data-element_type=\"widget\" data-widget_type=\"text-editor.default\">\n\t\t\t\t<div class=\"elementor-widget-container\">\n\t\t\t\t\t\t\t\t\t<p>Az emberis\u00e9g egyre n\u00f6vekv\u0151 probl\u00e9m\u00e1ja a m\u0171anyag \u00e9s pap\u00edrhullad\u00e9k termel\u00e9se, amelynek k\u00f6rnyezeti hat\u00e1sai s\u00falyosak. Az \u00fajrahasznos\u00edt\u00e1s, az egyik leghat\u00e9konyabb m\u00f3dja a hullad\u00e9kok kezel\u00e9s\u00e9nek, mivel seg\u00edt cs\u00f6kkenteni a szem\u00e9tlerak\u00f3k terhel\u00e9s\u00e9t \u00e9s minimaliz\u00e1lja a k\u00f6rnyezeti terhel\u00e9st. Ezen k\u00edv\u00fcl, az \u00fajrahasznos\u00edt\u00e1s gazdas\u00e1gi el\u0151ny\u00f6kkel is j\u00e1r, hiszen a hullad\u00e9kb\u00f3l \u00faj term\u00e9kek k\u00e9sz\u00fclhetnek, n\u00f6velve k\u00f6rnyezet\u00fcnk fenntarthat\u00f3s\u00e1g\u00e1t \u00e9s az er\u0151forr\u00e1sok hat\u00e9konyabb felhaszn\u00e1l\u00e1s\u00e1t.<\/p>\t\t\t\t\t\t\t\t<\/div>\n\t\t\t\t<\/div>\n\t\t\t\t\t<\/div>\n\t\t<\/div>\n\t\t\t\t<div class=\"elementor-column elementor-col-50 elementor-top-column elementor-element elementor-element-82107a3\" data-id=\"82107a3\" data-element_type=\"column\" data-settings=\"{&quot;background_background&quot;:&quot;classic&quot;}\">\n\t\t\t<div class=\"elementor-widget-wrap elementor-element-populated\">\n\t\t\t\t\t\t<div class=\"elementor-element elementor-element-04ea82c elementor-widget elementor-widget-image\" data-id=\"04ea82c\" data-element_type=\"widget\" data-widget_type=\"image.default\">\n\t\t\t\t<div class=\"elementor-widget-container\">\n\t\t\t\t\t\t\t\t\t\t\t\t\t\t\t<img fetchpriority=\"high\" decoding=\"async\" width=\"743\" height=\"437\" src=\"https:\/\/futureshapingfz.com\/wp-content\/uploads\/2024\/11\/Block13.png\" class=\"attachment-full size-full wp-image-2324\" alt=\"\" srcset=\"https:\/\/futureshapingfz.com\/wp-content\/uploads\/2024\/11\/Block13.png 743w, https:\/\/futureshapingfz.com\/wp-content\/uploads\/2024\/11\/Block13-300x176.png 300w, https:\/\/futureshapingfz.com\/wp-content\/uploads\/2024\/11\/Block13-530x312.png 530w\" sizes=\"(max-width: 743px) 100vw, 743px\" \/>\t\t\t\t\t\t\t\t\t\t\t\t\t\t\t<\/div>\n\t\t\t\t<\/div>\n\t\t\t\t\t<\/div>\n\t\t<\/div>\n\t\t\t\t\t<\/div>\n\t\t<\/section>\n\t\t\t\t<section class=\"elementor-section elementor-top-section elementor-element elementor-element-5aadc6a elementor-section-boxed elementor-section-height-default elementor-section-height-default\" data-id=\"5aadc6a\" data-element_type=\"section\" data-settings=\"{&quot;background_background&quot;:&quot;classic&quot;}\">\n\t\t\t\t\t\t<div class=\"elementor-container elementor-column-gap-default\">\n\t\t\t\t\t<div class=\"elementor-column elementor-col-100 elementor-top-column elementor-element elementor-element-9d21663\" data-id=\"9d21663\" data-element_type=\"column\">\n\t\t\t<div class=\"elementor-widget-wrap elementor-element-populated\">\n\t\t\t\t\t\t<div class=\"elementor-element elementor-element-7dc4077 elementor-widget elementor-widget-heading\" data-id=\"7dc4077\" data-element_type=\"widget\" data-widget_type=\"heading.default\">\n\t\t\t\t<div class=\"elementor-widget-container\">\n\t\t\t\t\t<h2 class=\"elementor-heading-title elementor-size-default\">Nem mindennapi megold\u00e1s, vil\u00e1gszabadalom!<\/h2>\t\t\t\t<\/div>\n\t\t\t\t<\/div>\n\t\t\t\t\t<\/div>\n\t\t<\/div>\n\t\t\t\t\t<\/div>\n\t\t<\/section>\n\t\t\t\t<section class=\"elementor-section elementor-top-section elementor-element elementor-element-5ee8bae elementor-section-content-middle elementor-section-boxed elementor-section-height-default elementor-section-height-default\" data-id=\"5ee8bae\" data-element_type=\"section\" data-settings=\"{&quot;background_background&quot;:&quot;classic&quot;}\">\n\t\t\t\t\t\t<div class=\"elementor-container elementor-column-gap-default\">\n\t\t\t\t\t<div class=\"elementor-column elementor-col-100 elementor-top-column elementor-element elementor-element-74c1b2f\" data-id=\"74c1b2f\" data-element_type=\"column\" data-settings=\"{&quot;background_background&quot;:&quot;classic&quot;}\">\n\t\t\t<div class=\"elementor-widget-wrap elementor-element-populated\">\n\t\t\t\t\t\t<div class=\"elementor-element elementor-element-29fee44 elementor-widget elementor-widget-text-editor\" data-id=\"29fee44\" data-element_type=\"widget\" data-widget_type=\"text-editor.default\">\n\t\t\t\t<div class=\"elementor-widget-container\">\n\t\t\t\t\t\t\t\t\t<p>C\u00e9g\u00fcnk \u00e1rbev\u00e9tel\u00e9nek egy jelent\u0151s r\u00e9sz\u00e9t, karbonsemleges hullad\u00e9k \u00fajrahasznos\u00edt\u00f3 g\u00e9pek beszerz\u00e9s\u00e9re ford\u00edtjuk. A g\u00e9pek szelekt\u00edv hullad\u00e9kb\u00f3l gy\u00e1rtanak majd \u00e9p\u00edt\u0151ipari term\u00e9keket.<\/p><p>100%-ban szelekt\u00e1lt m\u0171anyag \u00e9s egy\u00e9b hasonl\u00f3 hullad\u00e9kok \u0151rlem\u00e9ny\u00e9b\u0151l, t\u00e1bl\u00e1s\u00edtott \u00e9p\u00edt\u0151anyagok gy\u00e1rt\u00e1sa, ragaszt\u00f3 \u00e9s egy\u00e9b vegyszer n\u00e9lk\u00fcl.<\/p><p>Norm\u00e1l \u00e9s t\u0171z\u00e1ll\u00f3 v\u00e1laszfalak, t\u00e1bl\u00e1s\u00edtott \u00e9p\u00edt\u0151ipari lapok (OSB stb.) dekorat\u00edv b\u00fator \u00e9s lamin\u00e1lt lapok.<\/p><p>A legy\u00e1rtott term\u00e9kek teljesen karbonsemlegesen, egy speci\u00e1lis pr\u00e9selj\u00e1r\u00e1s alapj\u00e1n k\u00e9sz\u00fclnek.<\/p><p>A z\u00f6ld projektet RecycWaste n\u00e9ven fogjuk megval\u00f3s\u00edtani.<\/p>\t\t\t\t\t\t\t\t<\/div>\n\t\t\t\t<\/div>\n\t\t\t\t<div class=\"elementor-element elementor-element-f664c9b elementor-widget elementor-widget-image\" data-id=\"f664c9b\" data-element_type=\"widget\" data-widget_type=\"image.default\">\n\t\t\t\t<div class=\"elementor-widget-container\">\n\t\t\t\t\t\t\t\t\t\t\t\t\t\t\t<img decoding=\"async\" width=\"1866\" height=\"831\" src=\"https:\/\/futureshapingfz.com\/wp-content\/uploads\/2024\/11\/Block-egybe.png\" class=\"attachment-full size-full wp-image-2388\" alt=\"\" srcset=\"https:\/\/futureshapingfz.com\/wp-content\/uploads\/2024\/11\/Block-egybe.png 1866w, https:\/\/futureshapingfz.com\/wp-content\/uploads\/2024\/11\/Block-egybe-300x134.png 300w, https:\/\/futureshapingfz.com\/wp-content\/uploads\/2024\/11\/Block-egybe-1024x456.png 1024w, https:\/\/futureshapingfz.com\/wp-content\/uploads\/2024\/11\/Block-egybe-768x342.png 768w, https:\/\/futureshapingfz.com\/wp-content\/uploads\/2024\/11\/Block-egybe-1536x684.png 1536w, https:\/\/futureshapingfz.com\/wp-content\/uploads\/2024\/11\/Block-egybe-530x236.png 530w\" sizes=\"(max-width: 1866px) 100vw, 1866px\" \/>\t\t\t\t\t\t\t\t\t\t\t\t\t\t\t<\/div>\n\t\t\t\t<\/div>\n\t\t\t\t<section class=\"elementor-section elementor-inner-section elementor-element elementor-element-ab8426b elementor-section-boxed elementor-section-height-default elementor-section-height-default\" data-id=\"ab8426b\" data-element_type=\"section\">\n\t\t\t\t\t\t<div class=\"elementor-container elementor-column-gap-default\">\n\t\t\t\t\t<div class=\"elementor-column elementor-col-50 elementor-inner-column elementor-element elementor-element-31c439c\" data-id=\"31c439c\" data-element_type=\"column\">\n\t\t\t<div class=\"elementor-widget-wrap elementor-element-populated\">\n\t\t\t\t\t\t<div class=\"elementor-element elementor-element-6229712 elementor-widget elementor-widget-heading\" data-id=\"6229712\" data-element_type=\"widget\" data-widget_type=\"heading.default\">\n\t\t\t\t<div class=\"elementor-widget-container\">\n\t\t\t\t\t<h2 class=\"elementor-heading-title elementor-size-default\">Felhaszn\u00e1l\u00e1si ter\u00fclet, k\u00fcls\u0151 \u00e9p\u00edt\u00e9szet<\/h2>\t\t\t\t<\/div>\n\t\t\t\t<\/div>\n\t\t\t\t<div class=\"elementor-element elementor-element-a82d087 elementor-widget elementor-widget-image\" data-id=\"a82d087\" data-element_type=\"widget\" data-widget_type=\"image.default\">\n\t\t\t\t<div class=\"elementor-widget-container\">\n\t\t\t\t\t\t\t\t\t\t\t\t\t\t\t<img decoding=\"async\" width=\"640\" height=\"334\" src=\"https:\/\/futureshapingfz.com\/wp-content\/uploads\/2024\/11\/Block15.png\" class=\"attachment-large size-large wp-image-2361\" alt=\"\" srcset=\"https:\/\/futureshapingfz.com\/wp-content\/uploads\/2024\/11\/Block15.png 756w, https:\/\/futureshapingfz.com\/wp-content\/uploads\/2024\/11\/Block15-300x157.png 300w, https:\/\/futureshapingfz.com\/wp-content\/uploads\/2024\/11\/Block15-530x277.png 530w\" sizes=\"(max-width: 640px) 100vw, 640px\" \/>\t\t\t\t\t\t\t\t\t\t\t\t\t\t\t<\/div>\n\t\t\t\t<\/div>\n\t\t\t\t<div class=\"elementor-element elementor-element-0b6edc3 elementor-widget elementor-widget-text-editor\" data-id=\"0b6edc3\" data-element_type=\"widget\" data-widget_type=\"text-editor.default\">\n\t\t\t\t<div class=\"elementor-widget-container\">\n\t\t\t\t\t\t\t\t\t<p>K\u00f6nny\u0171szerkezetes \u00e9p\u00fcletek h\u00e9jazata, zsaluszerkezetek, k\u00fcls\u0151 falburkolatok, zajcs\u00f6kkent\u0151 ker\u00edt\u00e9sek stb.<\/p>\t\t\t\t\t\t\t\t<\/div>\n\t\t\t\t<\/div>\n\t\t\t\t\t<\/div>\n\t\t<\/div>\n\t\t\t\t<div class=\"elementor-column elementor-col-50 elementor-inner-column elementor-element elementor-element-c16abbb\" data-id=\"c16abbb\" data-element_type=\"column\">\n\t\t\t<div class=\"elementor-widget-wrap elementor-element-populated\">\n\t\t\t\t\t\t<div class=\"elementor-element elementor-element-9469569 elementor-widget elementor-widget-heading\" data-id=\"9469569\" data-element_type=\"widget\" data-widget_type=\"heading.default\">\n\t\t\t\t<div class=\"elementor-widget-container\">\n\t\t\t\t\t<h2 class=\"elementor-heading-title elementor-size-default\">Felhaszn\u00e1l\u00e1si ter\u00fclet, bels\u0151 \u00e9p\u00edt\u00e9szet\n<\/h2>\t\t\t\t<\/div>\n\t\t\t\t<\/div>\n\t\t\t\t<div class=\"elementor-element elementor-element-7f02feb elementor-widget elementor-widget-image\" data-id=\"7f02feb\" data-element_type=\"widget\" data-widget_type=\"image.default\">\n\t\t\t\t<div class=\"elementor-widget-container\">\n\t\t\t\t\t\t\t\t\t\t\t\t\t\t\t<img loading=\"lazy\" decoding=\"async\" width=\"640\" height=\"335\" src=\"https:\/\/futureshapingfz.com\/wp-content\/uploads\/2024\/11\/Block16.png\" class=\"attachment-large size-large wp-image-2362\" alt=\"\" srcset=\"https:\/\/futureshapingfz.com\/wp-content\/uploads\/2024\/11\/Block16.png 758w, https:\/\/futureshapingfz.com\/wp-content\/uploads\/2024\/11\/Block16-300x157.png 300w, https:\/\/futureshapingfz.com\/wp-content\/uploads\/2024\/11\/Block16-530x278.png 530w\" sizes=\"(max-width: 640px) 100vw, 640px\" \/>\t\t\t\t\t\t\t\t\t\t\t\t\t\t\t<\/div>\n\t\t\t\t<\/div>\n\t\t\t\t<div class=\"elementor-element elementor-element-d6097ba elementor-widget elementor-widget-text-editor\" data-id=\"d6097ba\" data-element_type=\"widget\" data-widget_type=\"text-editor.default\">\n\t\t\t\t<div class=\"elementor-widget-container\">\n\t\t\t\t\t\t\t\t\t<p>B\u00fatorgy\u00e1rt\u00e1s, bels\u0151 falburkolatok, lamin\u00e1lt j\u00e1r\u00f3lapok, belt\u00e9ri ajt\u00f3lapok, sima \u00e9s t\u0171zg\u00e1tl\u00f3 v\u00e1laszfalak stb.<\/p>\t\t\t\t\t\t\t\t<\/div>\n\t\t\t\t<\/div>\n\t\t\t\t\t<\/div>\n\t\t<\/div>\n\t\t\t\t\t<\/div>\n\t\t<\/section>\n\t\t\t\t\t<\/div>\n\t\t<\/div>\n\t\t\t\t\t<\/div>\n\t\t<\/section>\n\t\t\t\t<section class=\"elementor-section elementor-top-section elementor-element elementor-element-34cef59 elementor-section-boxed elementor-section-height-default elementor-section-height-default\" data-id=\"34cef59\" data-element_type=\"section\" data-settings=\"{&quot;background_background&quot;:&quot;classic&quot;}\">\n\t\t\t\t\t\t<div class=\"elementor-container elementor-column-gap-default\">\n\t\t\t\t\t<div class=\"elementor-column elementor-col-100 elementor-top-column elementor-element elementor-element-ee60416\" data-id=\"ee60416\" data-element_type=\"column\">\n\t\t\t<div class=\"elementor-widget-wrap elementor-element-populated\">\n\t\t\t\t\t\t<div class=\"elementor-element elementor-element-0db4bba elementor-widget elementor-widget-heading\" data-id=\"0db4bba\" data-element_type=\"widget\" data-widget_type=\"heading.default\">\n\t\t\t\t<div class=\"elementor-widget-container\">\n\t\t\t\t\t<h2 class=\"elementor-heading-title elementor-size-default\">A g\u00e9p \u00e1ltal gy\u00e1rtott term\u00e9kpaletta mint\u00e1i<\/h2>\t\t\t\t<\/div>\n\t\t\t\t<\/div>\n\t\t\t\t\t<\/div>\n\t\t<\/div>\n\t\t\t\t\t<\/div>\n\t\t<\/section>\n\t\t\t\t<section class=\"elementor-section elementor-top-section elementor-element elementor-element-de1b27a elementor-section-content-middle elementor-section-boxed elementor-section-height-default elementor-section-height-default\" data-id=\"de1b27a\" data-element_type=\"section\" data-settings=\"{&quot;background_background&quot;:&quot;classic&quot;}\">\n\t\t\t\t\t\t<div class=\"elementor-container elementor-column-gap-default\">\n\t\t\t\t\t<div class=\"elementor-column elementor-col-100 elementor-top-column elementor-element elementor-element-f674885\" data-id=\"f674885\" data-element_type=\"column\" data-settings=\"{&quot;background_background&quot;:&quot;classic&quot;}\">\n\t\t\t<div class=\"elementor-widget-wrap elementor-element-populated\">\n\t\t\t\t\t\t<section class=\"elementor-section elementor-inner-section elementor-element elementor-element-5b07da9 elementor-section-boxed elementor-section-height-default elementor-section-height-default\" data-id=\"5b07da9\" data-element_type=\"section\">\n\t\t\t\t\t\t<div class=\"elementor-container elementor-column-gap-default\">\n\t\t\t\t\t<div class=\"elementor-column elementor-col-50 elementor-inner-column elementor-element elementor-element-b72f001\" data-id=\"b72f001\" data-element_type=\"column\">\n\t\t\t<div class=\"elementor-widget-wrap elementor-element-populated\">\n\t\t\t\t\t\t<div class=\"elementor-element elementor-element-e04275d elementor-widget elementor-widget-image\" data-id=\"e04275d\" data-element_type=\"widget\" data-widget_type=\"image.default\">\n\t\t\t\t<div class=\"elementor-widget-container\">\n\t\t\t\t\t\t\t\t\t\t\t\t\t\t\t<img loading=\"lazy\" decoding=\"async\" width=\"640\" height=\"383\" src=\"https:\/\/futureshapingfz.com\/wp-content\/uploads\/2024\/11\/Block-17.png\" class=\"attachment-large size-large wp-image-2366\" alt=\"\" srcset=\"https:\/\/futureshapingfz.com\/wp-content\/uploads\/2024\/11\/Block-17.png 685w, https:\/\/futureshapingfz.com\/wp-content\/uploads\/2024\/11\/Block-17-300x180.png 300w, https:\/\/futureshapingfz.com\/wp-content\/uploads\/2024\/11\/Block-17-530x317.png 530w\" sizes=\"(max-width: 640px) 100vw, 640px\" \/>\t\t\t\t\t\t\t\t\t\t\t\t\t\t\t<\/div>\n\t\t\t\t<\/div>\n\t\t\t\t<div class=\"elementor-element elementor-element-be5efca elementor-widget elementor-widget-heading\" data-id=\"be5efca\" data-element_type=\"widget\" data-widget_type=\"heading.default\">\n\t\t\t\t<div class=\"elementor-widget-container\">\n\t\t\t\t\t<h2 class=\"elementor-heading-title elementor-size-default\">Gy\u00e1rt\u00e1si mint\u00e1k, b\u00fator \u00e9s lamin\u00e1ltlap<\/h2>\t\t\t\t<\/div>\n\t\t\t\t<\/div>\n\t\t\t\t\t<\/div>\n\t\t<\/div>\n\t\t\t\t<div class=\"elementor-column elementor-col-50 elementor-inner-column elementor-element elementor-element-96e4ff7\" data-id=\"96e4ff7\" data-element_type=\"column\">\n\t\t\t<div class=\"elementor-widget-wrap elementor-element-populated\">\n\t\t\t\t\t\t<div class=\"elementor-element elementor-element-d6cdc31 elementor-widget elementor-widget-image\" data-id=\"d6cdc31\" data-element_type=\"widget\" data-widget_type=\"image.default\">\n\t\t\t\t<div class=\"elementor-widget-container\">\n\t\t\t\t\t\t\t\t\t\t\t\t\t\t\t<img loading=\"lazy\" decoding=\"async\" width=\"640\" height=\"383\" src=\"https:\/\/futureshapingfz.com\/wp-content\/uploads\/2024\/11\/Block-19-20.png\" class=\"attachment-large size-large wp-image-2377\" alt=\"\" srcset=\"https:\/\/futureshapingfz.com\/wp-content\/uploads\/2024\/11\/Block-19-20.png 685w, https:\/\/futureshapingfz.com\/wp-content\/uploads\/2024\/11\/Block-19-20-300x180.png 300w, https:\/\/futureshapingfz.com\/wp-content\/uploads\/2024\/11\/Block-19-20-530x317.png 530w\" sizes=\"(max-width: 640px) 100vw, 640px\" \/>\t\t\t\t\t\t\t\t\t\t\t\t\t\t\t<\/div>\n\t\t\t\t<\/div>\n\t\t\t\t<div class=\"elementor-element elementor-element-cac4092 elementor-widget elementor-widget-heading\" data-id=\"cac4092\" data-element_type=\"widget\" data-widget_type=\"heading.default\">\n\t\t\t\t<div class=\"elementor-widget-container\">\n\t\t\t\t\t<h2 class=\"elementor-heading-title elementor-size-default\">Gy\u00e1rt\u00e1si alapanyag, szelekt\u00edv m\u0171anyag hullad\u00e9k\n<\/h2>\t\t\t\t<\/div>\n\t\t\t\t<\/div>\n\t\t\t\t\t<\/div>\n\t\t<\/div>\n\t\t\t\t\t<\/div>\n\t\t<\/section>\n\t\t\t\t\t<\/div>\n\t\t<\/div>\n\t\t\t\t\t<\/div>\n\t\t<\/section>\n\t\t\t\t<section class=\"elementor-section elementor-top-section elementor-element elementor-element-d8cbd34 elementor-section-boxed elementor-section-height-default elementor-section-height-default\" data-id=\"d8cbd34\" data-element_type=\"section\" data-settings=\"{&quot;background_background&quot;:&quot;classic&quot;}\">\n\t\t\t\t\t\t<div class=\"elementor-container elementor-column-gap-default\">\n\t\t\t\t\t<div class=\"elementor-column elementor-col-100 elementor-top-column elementor-element elementor-element-ad3e0c6\" data-id=\"ad3e0c6\" data-element_type=\"column\">\n\t\t\t<div class=\"elementor-widget-wrap elementor-element-populated\">\n\t\t\t\t\t\t<div class=\"elementor-element elementor-element-40bee26 elementor-widget elementor-widget-heading\" data-id=\"40bee26\" data-element_type=\"widget\" data-widget_type=\"heading.default\">\n\t\t\t\t<div class=\"elementor-widget-container\">\n\t\t\t\t\t<h2 class=\"elementor-heading-title elementor-size-default\">Legyen r\u00e9szese \u00f6n is projekt\u00fcnknek!<\/h2>\t\t\t\t<\/div>\n\t\t\t\t<\/div>\n\t\t\t\t\t<\/div>\n\t\t<\/div>\n\t\t\t\t\t<\/div>\n\t\t<\/section>\n\t\t\t\t<section class=\"elementor-section elementor-top-section elementor-element elementor-element-16e200f elementor-section-content-middle elementor-section-boxed elementor-section-height-default elementor-section-height-default\" data-id=\"16e200f\" data-element_type=\"section\" data-settings=\"{&quot;background_background&quot;:&quot;classic&quot;}\">\n\t\t\t\t\t\t<div class=\"elementor-container elementor-column-gap-default\">\n\t\t\t\t\t<div class=\"elementor-column elementor-col-100 elementor-top-column elementor-element elementor-element-b0de635\" data-id=\"b0de635\" data-element_type=\"column\" data-settings=\"{&quot;background_background&quot;:&quot;classic&quot;}\">\n\t\t\t<div class=\"elementor-widget-wrap elementor-element-populated\">\n\t\t\t\t\t\t<div class=\"elementor-element elementor-element-82f2b64 elementor-widget elementor-widget-text-editor\" data-id=\"82f2b64\" data-element_type=\"widget\" data-widget_type=\"text-editor.default\">\n\t\t\t\t<div class=\"elementor-widget-container\">\n\t\t\t\t\t\t\t\t\t<p>K\u00fcldet\u00e9s\u00fcnk, hogy a virtu\u00e1lis kripto p\u00e9nzvil\u00e1got \u00f6sszekapcsoljuk, egy szelekt\u00edv hullad\u00e9kokb\u00f3l term\u00e9ket el\u0151\u00e1ll\u00edt\u00f3 g\u00e9psorral, amivel hozz\u00e1j\u00e1rulunk bolyg\u00f3nk \u00f6kosziszt\u00e9m\u00e1j\u00e1nak meg\u00f3v\u00e1s\u00e1hoz.<\/p>\t\t\t\t\t\t\t\t<\/div>\n\t\t\t\t<\/div>\n\t\t\t\t<div class=\"elementor-element elementor-element-21cfb3a elementor-widget elementor-widget-heading\" data-id=\"21cfb3a\" data-element_type=\"widget\" data-widget_type=\"heading.default\">\n\t\t\t\t<div class=\"elementor-widget-container\">\n\t\t\t\t\t<h2 class=\"elementor-heading-title elementor-size-default\">Z\u00f6ld projekt\u00fcnk kis l\u00e9p\u00e9s a kripto vil\u00e1gnak, de nagy l\u00e9p\u00e9s a k\u00f6rnyezet\u00fcnknek.<\/h2>\t\t\t\t<\/div>\n\t\t\t\t<\/div>\n\t\t\t\t\t<\/div>\n\t\t<\/div>\n\t\t\t\t\t<\/div>\n\t\t<\/section>\n\t\t\t\t<section class=\"elementor-section elementor-top-section elementor-element elementor-element-9cdd20e elementor-section-boxed elementor-section-height-default elementor-section-height-default\" data-id=\"9cdd20e\" data-element_type=\"section\" data-settings=\"{&quot;background_background&quot;:&quot;classic&quot;}\">\n\t\t\t\t\t\t<div class=\"elementor-container elementor-column-gap-default\">\n\t\t\t\t\t<div class=\"elementor-column elementor-col-100 elementor-top-column elementor-element elementor-element-2f16741\" data-id=\"2f16741\" data-element_type=\"column\">\n\t\t\t<div class=\"elementor-widget-wrap elementor-element-populated\">\n\t\t\t\t\t\t<div class=\"elementor-element elementor-element-31bb0d0 elementor-align-justify elementor-widget elementor-widget-button\" data-id=\"31bb0d0\" data-element_type=\"widget\" data-widget_type=\"button.default\">\n\t\t\t\t<div class=\"elementor-widget-container\">\n\t\t\t\t\t\t\t\t\t<div class=\"elementor-button-wrapper\">\n\t\t\t\t\t<a class=\"elementor-button elementor-button-link elementor-size-sm elementor-animation-shrink\" href=\"https:\/\/futureshapingfz.com\/\" target=\"_blank\">\n\t\t\t\t\t\t<span class=\"elementor-button-content-wrapper\">\n\t\t\t\t\t\t\t\t\t<span class=\"elementor-button-text\">Vissza a kezd\u0151oldalra<\/span>\n\t\t\t\t\t<\/span>\n\t\t\t\t\t<\/a>\n\t\t\t\t<\/div>\n\t\t\t\t\t\t\t\t<\/div>\n\t\t\t\t<\/div>\n\t\t\t\t\t<\/div>\n\t\t<\/div>\n\t\t\t\t\t<\/div>\n\t\t<\/section>\n\t\t\t\t<\/div>\n\t\t","protected":false},"excerpt":{"rendered":"<p>\u00d3VJUK K\u00d6RNYEZET\u00dcNKET! Az emberis\u00e9g egyre n\u00f6vekv\u0151 probl\u00e9m\u00e1ja a m\u0171anyag \u00e9s pap\u00edrhullad\u00e9k termel\u00e9se, amelynek k\u00f6rnyezeti hat\u00e1sai s\u00falyosak. Az \u00fajrahasznos\u00edt\u00e1s, az egyik leghat\u00e9konyabb m\u00f3dja a hullad\u00e9kok kezel\u00e9s\u00e9nek, mivel seg\u00edt cs\u00f6kkenteni a szem\u00e9tlerak\u00f3k terhel\u00e9s\u00e9t \u00e9s minimaliz\u00e1lja a k\u00f6rnyezeti terhel\u00e9st. Ezen k\u00edv\u00fcl, az \u00fajrahasznos\u00edt\u00e1s gazdas\u00e1gi el\u0151ny\u00f6kkel is j\u00e1r, hiszen a hullad\u00e9kb\u00f3l \u00faj term\u00e9kek k\u00e9sz\u00fclhetnek, n\u00f6velve k\u00f6rnyezet\u00fcnk fenntarthat\u00f3s\u00e1g\u00e1t \u00e9s az <\/p>\n","protected":false},"author":1,"featured_media":0,"parent":0,"menu_order":0,"comment_status":"closed","ping_status":"closed","template":"elementor_header_footer","meta":{"_acf_changed":false,"footnotes":""},"class_list":["post-2255","page","type-page","status-publish","hentry"],"acf":[],"_links":{"self":[{"href":"https:\/\/futureshapingfz.com\/hu\/wp-json\/wp\/v2\/pages\/2255","targetHints":{"allow":["GET"]}}],"collection":[{"href":"https:\/\/futureshapingfz.com\/hu\/wp-json\/wp\/v2\/pages"}],"about":[{"href":"https:\/\/futureshapingfz.com\/hu\/wp-json\/wp\/v2\/types\/page"}],"author":[{"embeddable":true,"href":"https:\/\/futureshapingfz.com\/hu\/wp-json\/wp\/v2\/users\/1"}],"replies":[{"embeddable":true,"href":"https:\/\/futureshapingfz.com\/hu\/wp-json\/wp\/v2\/comments?post=2255"}],"version-history":[{"count":75,"href":"https:\/\/futureshapingfz.com\/hu\/wp-json\/wp\/v2\/pages\/2255\/revisions"}],"predecessor-version":[{"id":2814,"href":"https:\/\/futureshapingfz.com\/hu\/wp-json\/wp\/v2\/pages\/2255\/revisions\/2814"}],"wp:attachment":[{"href":"https:\/\/futureshapingfz.com\/hu\/wp-json\/wp\/v2\/media?parent=2255"}],"curies":[{"name":"wp","href":"https:\/\/api.w.org\/{rel}","templated":true}]}}